{"id":9003,"date":"2026-03-15T21:13:12","date_gmt":"2026-03-15T21:13:12","guid":{"rendered":"https:\/\/biblica.sk\/archive\/stbisl-6-2-2014-2\/sbsgovi4906\/"},"modified":"2026-03-24T16:40:21","modified_gmt":"2026-03-24T16:40:21","slug":"sbsgovi4906","status":"publish","type":"page","link":"https:\/\/biblica.sk\/en\/archive\/stbisl-6-2-2014\/sbsgovi4906\/","title":{"rendered":"Dagmar KR\u00c1\u013dOV\u00c1: For She Loved Much. Outline of the Complementarity of the Narrative Analysis and of the Psychological Aspects in Luke 7:36-50"},"content":{"rendered":"\t\t<div data-elementor-type=\"wp-page\" data-elementor-id=\"9003\" class=\"elementor elementor-9003\">\n\t\t\t\t<div class=\"elementor-element elementor-element-2eaa5bcd e-flex e-con-boxed e-con e-parent\" data-id=\"2eaa5bcd\" data-element_type=\"container\" data-settings=\"{&quot;background_background&quot;:&quot;classic&quot;}\">\n\t\t\t\t\t<div class=\"e-con-inner\">\n\t\t\t\t<div class=\"elementor-element elementor-element-6a2444ce elementor-widget elementor-widget-eael-breadcrumbs\" data-id=\"6a2444ce\" data-element_type=\"widget\" data-widget_type=\"eael-breadcrumbs.default\">\n\t\t\t\t<div class=\"elementor-widget-container\">\n\t\t\t\t\t\t\t<div class=\"eael-breadcrumbs\">\n\t\t\t<div class=\"eael-breadcrumbs__content\"><a href=\"https:\/\/biblica.sk\/en\/\">Domov<\/a> <span class=\"eael-breadcrumb-separator\">|<\/span> <span class = \"eael-current\">Page<\/span><\/div>\t\t<\/div>\n\t\t\t\t\t\t<\/div>\n\t\t\t\t<\/div>\n\t\t<div class=\"elementor-element elementor-element-4798409f e-con-full e-flex e-con e-child\" data-id=\"4798409f\" data-element_type=\"container\">\n\t\t<div class=\"elementor-element elementor-element-1ad04c38 e-con-full e-flex e-con e-child\" data-id=\"1ad04c38\" data-element_type=\"container\">\n\t\t<div class=\"elementor-element elementor-element-6cc9fdb e-con-full e-flex e-con e-child\" data-id=\"6cc9fdb\" data-element_type=\"container\">\n\t\t\t\t<div class=\"elementor-element elementor-element-4a0ef9fd elementor-widget elementor-widget-image\" data-id=\"4a0ef9fd\" data-element_type=\"widget\" data-widget_type=\"image.default\">\n\t\t\t\t<div class=\"elementor-widget-container\">\n\t\t\t\t\t\t\t\t\t\t\t\t\t\t\t\t<a href=\"https:\/\/biblica.sk\/wp-content\/uploads\/StBiSl-06-02-2014-komplet.pdf\" target=\"_blank\">\n\t\t\t\t\t\t\t<img decoding=\"async\" src=\"https:\/\/biblica.sk\/wp-content\/uploads\/elementor\/thumbs\/StBiSl-Rocnik-6-cislo-2-2014-rkk8pe0k7gsuakipevrny6eq2hmcfyev4drvezmlbm.png\" title=\"StBiSl-Rocnik-6-cislo-2-2014\" alt=\"StBiSl-Rocnik-6-cislo-2-2014\" loading=\"lazy\" \/>\t\t\t\t\t\t\t\t<\/a>\n\t\t\t\t\t\t\t\t\t\t\t\t\t\t\t<\/div>\n\t\t\t\t<\/div>\n\t\t\t\t<div class=\"elementor-element elementor-element-2324a0f4 elementor-widget elementor-widget-heading\" data-id=\"2324a0f4\" data-element_type=\"widget\" data-widget_type=\"heading.default\">\n\t\t\t\t<div class=\"elementor-widget-container\">\n\t\t\t\t\t<h4 class=\"elementor-heading-title elementor-size-default\">Volume 6, Issue 2, 2014<\/h4>\t\t\t\t<\/div>\n\t\t\t\t<\/div>\n\t\t\t\t<div class=\"elementor-element elementor-element-38478493 elementor-widget elementor-widget-text-editor\" data-id=\"38478493\" data-element_type=\"widget\" data-widget_type=\"text-editor.default\">\n\t\t\t\t<div class=\"elementor-widget-container\">\n\t\t\t\t\t\t\t\t\t<p>ISSN 1338-0141 | e-ISSN 2644-4879<\/p>\t\t\t\t\t\t\t\t<\/div>\n\t\t\t\t<\/div>\n\t\t\t\t<div class=\"elementor-element elementor-element-4854381 elementor-mobile-align-center elementor-widget elementor-widget-button\" data-id=\"4854381\" data-element_type=\"widget\" data-widget_type=\"button.default\">\n\t\t\t\t<div class=\"elementor-widget-container\">\n\t\t\t\t\t\t\t\t\t<div class=\"elementor-button-wrapper\">\n\t\t\t\t\t<a class=\"elementor-button elementor-button-link elementor-size-sm\" href=\"https:\/\/biblica.sk\/wp-content\/uploads\/StBiSl-06-02-2014-komplet.pdf\" target=\"_blank\">\n\t\t\t\t\t\t<span class=\"elementor-button-content-wrapper\">\n\t\t\t\t\t\t\t\t\t<span class=\"elementor-button-text\">VIEW FULL ISSUE<\/span>\n\t\t\t\t\t<\/span>\n\t\t\t\t\t<\/a>\n\t\t\t\t<\/div>\n\t\t\t\t\t\t\t\t<\/div>\n\t\t\t\t<\/div>\n\t\t\t\t<\/div>\n\t\t<div class=\"elementor-element elementor-element-27be28e2 e-con-full e-flex e-con e-child\" data-id=\"27be28e2\" data-element_type=\"container\" data-settings=\"{&quot;background_background&quot;:&quot;classic&quot;}\">\n\t\t\t\t<div class=\"elementor-element elementor-element-22ae198b elementor-widget elementor-widget-text-editor\" data-id=\"22ae198b\" data-element_type=\"widget\" data-widget_type=\"text-editor.default\">\n\t\t\t\t<div class=\"elementor-widget-container\">\n\t\t\t\t\t\t\t\t\t<p>ARTICLE<\/p>\t\t\t\t\t\t\t\t<\/div>\n\t\t\t\t<\/div>\n\t\t\t\t<div class=\"elementor-element elementor-element-6caccd4c elementor-widget-divider--view-line elementor-widget elementor-widget-divider\" data-id=\"6caccd4c\" data-element_type=\"widget\" data-widget_type=\"divider.default\">\n\t\t\t\t<div class=\"elementor-widget-container\">\n\t\t\t\t\t\t\t<div class=\"elementor-divider\">\n\t\t\t<span class=\"elementor-divider-separator\">\n\t\t\t\t\t\t<\/span>\n\t\t<\/div>\n\t\t\t\t\t\t<\/div>\n\t\t\t\t<\/div>\n\t\t\t\t<div class=\"elementor-element elementor-element-23ed70dc elementor-widget elementor-widget-heading\" data-id=\"23ed70dc\" data-element_type=\"widget\" data-widget_type=\"heading.default\">\n\t\t\t\t<div class=\"elementor-widget-container\">\n\t\t\t\t\t<h3 class=\"elementor-heading-title elementor-size-default\">For She Loved Much. Outline of the Complementarity of the Narrative Analysis and of the Psychological Aspects in Luke 7:36-50<\/h3>\t\t\t\t<\/div>\n\t\t\t\t<\/div>\n\t\t<div class=\"elementor-element elementor-element-3dc70d16 e-con-full e-flex e-con e-child\" data-id=\"3dc70d16\" data-element_type=\"container\">\n\t\t\t\t<div class=\"elementor-element elementor-element-2ab69e80 elementor-widget elementor-widget-heading\" data-id=\"2ab69e80\" data-element_type=\"widget\" data-widget_type=\"heading.default\">\n\t\t\t\t<div class=\"elementor-widget-container\">\n\t\t\t\t\t<h4 class=\"elementor-heading-title elementor-size-default\">Dagmar KR\u00c1\u013dOV\u00c1\u200b<\/h4>\t\t\t\t<\/div>\n\t\t\t\t<\/div>\n\t\t\t\t<\/div>\n\t\t\t\t<div class=\"elementor-element elementor-element-7ff23070 elementor-widget elementor-widget-text-editor\" data-id=\"7ff23070\" data-element_type=\"widget\" data-widget_type=\"text-editor.default\">\n\t\t\t\t<div class=\"elementor-widget-container\">\n\t\t\t\t\t\t\t\t\t<p><em>volume 6, issue 2, 2014, pages 158-185<\/em><\/p><p><strong>DOI:<\/strong> <a href=\"https:\/\/biblica.sk\/archiv\/stbisl-6-2-2014\/sbsgovi4906\/\"><span style=\"text-decoration: underline;\">https:\/\/doi.org\/10.64438\/sbsGOVI4906<\/span><\/a><br \/><strong>Published online:<\/strong> 2014-12-01<br \/><strong>Published in print:<\/strong> 2014-12-30<\/p><p><strong>Abstract: <\/strong>The interpretation of the anthropological dimension of the Word of God on the basis of literary transformation of the biblical text and of the intepretative approaches according to fast developing human sciences finds present response in the current evangelization. Selected, on the world of narration concentrated steps of narrative literary method have been applied to the text pericopes about The Penitent Woman (Luke 7:36-50) in the first part of the article. The basic psychological processes of cognitivity, emocionality and conativity of the protagonists of the interpreted pericope have been studied in the next part. The application of the narrative analysis and of the psychological approach on the chosen text document their partial complementarity, especially in the area of the dynamics of the story. It confirms the important function of cognitive and emotive verbs in the story line, further the function of emotive verbs in time of narration and of cognitive verbs by the angle of vision of the narration. The interpretation of the biblical text from the narrative point of view supported its psychological interpretation that retrospectively more clearly showed the values for those the evangelist wanted to convince the reader. At the same time the dynamic processes of the characters, studied with both methods, showed the fact that the precondition for conversion is the cognitive and emotive openness and that a person Studia Biblica Slovaca Lebo ve\u013emi miluje 185 gets by means of conversion a more authentic psychological integrity whose demonstration is the ability to love.<\/p>\t\t\t\t\t\t\t\t<\/div>\n\t\t\t\t<\/div>\n\t\t<div class=\"elementor-element elementor-element-6b08a9df e-con-full e-flex e-con e-child\" data-id=\"6b08a9df\" data-element_type=\"container\">\n\t\t\t\t<div class=\"elementor-element elementor-element-249b6762 elementor-widget elementor-widget-heading\" data-id=\"249b6762\" data-element_type=\"widget\" data-widget_type=\"heading.default\">\n\t\t\t\t<div class=\"elementor-widget-container\">\n\t\t\t\t\t<h6 class=\"elementor-heading-title elementor-size-default\">Keywords:\u200b<\/h6>\t\t\t\t<\/div>\n\t\t\t\t<\/div>\n\t\t\t\t<div class=\"elementor-element elementor-element-458e37f2 elementor-widget elementor-widget-html\" data-id=\"458e37f2\" data-element_type=\"widget\" data-widget_type=\"html.default\">\n\t\t\t\t<div class=\"elementor-widget-container\">\n\t\t\t\t\t<div class=\"article-keywords\">\n  <div class=\"kw-inline\">\n    narrativity, cognitivity, emocionality, conversion, integrity\n  <\/div>\n<\/div>\n\n<style>\n  .article-keywords {\n    margin-top: 0.5rem; \/* odstup pod nadpisom *\/\n  }\n\n  .kw-inline {\n    font-size: 14px;\n    line-height: 1.6;\n  }\n\n  .kw-inline a {\n    color: #a73a2d;\n    text-decoration: none;\n  }\n\n  .kw-inline a:hover {\n    text-decoration: underline;\n  }\n<\/style>\n\n<script>\n  \/\/ z\u00e1klad pre vyh\u013ead\u00e1vanie (uprav, ak m\u00e1\u0161 in\u00fd tvar URL)\n  var SEARCH_BASE = '\/?s=';\n\n  document.addEventListener('DOMContentLoaded', function(){\n    document.querySelectorAll('.kw-inline').forEach(function(el){\n      var raw = (el.textContent || '').trim();\n      if(!raw) return;\n\n      var terms = raw.split(',').map(function(s){ return s.trim(); }).filter(Boolean);\n\n      el.textContent = '';\n      terms.forEach(function(term, idx){\n        var a = document.createElement('a');\n        a.href = SEARCH_BASE + encodeURIComponent(term);\n        a.textContent = term;\n        a.rel = 'nofollow';\n        el.appendChild(a);\n\n        if(idx < terms.length - 1){\n          el.appendChild(document.createTextNode(', '));\n        }\n      });\n    });\n  });\n<\/script>\n\t\t\t\t<\/div>\n\t\t\t\t<\/div>\n\t\t\t\t<\/div>\n\t\t<div class=\"elementor-element elementor-element-7df79203 e-con-full e-flex e-con e-child\" data-id=\"7df79203\" data-element_type=\"container\">\n\t\t<div class=\"elementor-element elementor-element-b5a2939 e-con-full e-flex e-con e-child\" data-id=\"b5a2939\" data-element_type=\"container\">\n\t\t\t\t<div class=\"elementor-element elementor-element-56a0781b elementor-widget elementor-widget-html\" data-id=\"56a0781b\" data-element_type=\"widget\" data-widget_type=\"html.default\">\n\t\t\t\t<div class=\"elementor-widget-container\">\n\t\t\t\t\t<div class=\"article\"\r\n    data-title=\"Lebo ve\u013emi miluje. N\u00e1\u010drt komplementarity narat\u00edvnej analy\u0301zy a psychologicky\u0301ch aspektov v Lk 7,36-50\"\r\n    data-author=\"Dagmar KR\u00c1\u013dOV\u00c1\"\r\n    data-year=\"2014\"\r\n    data-journal=\"Studia Biblica Slovaca\"\r\n    data-journal-abbrev=\"StBiSl\"\r\n    data-issn=\"1338-0141\"\r\n    data-volume=\"6\"\r\n    data-issue=\"2\"\r\n    data-pages=\"158-185\"\r\n    data-doi=\"10.64438\/sbsGOVI4906\"\r\n    data-url=\"https:\/\/biblica.sk\/archiv\/stbisl-6-2-2014\/sbsgovi4906\/\">\r\n  <button class=\"cite-button\" style=\"padding: 15px 35px; background: transparent; color: #a73a2d; border: 1px solid #a73a2d; border-radius: 3px; font-family: Lora, serif; font-size: 14px; text-transform: uppercase; cursor: pointer;\">Citation<\/button>\r\n<\/div>\t\t\t\t<\/div>\n\t\t\t\t<\/div>\n\t\t\t\t<div class=\"elementor-element elementor-element-6f5dac40 elementor-widget elementor-widget-button\" data-id=\"6f5dac40\" data-element_type=\"widget\" data-widget_type=\"button.default\">\n\t\t\t\t<div class=\"elementor-widget-container\">\n\t\t\t\t\t\t\t\t\t<div class=\"elementor-button-wrapper\">\n\t\t\t\t\t<a class=\"elementor-button elementor-button-link elementor-size-sm\" href=\"https:\/\/biblica.sk\/wp-content\/uploads\/StBiSl-06-02-2014-158-185-KRALOVA_-FMA.pdf\" target=\"_blank\">\n\t\t\t\t\t\t<span class=\"elementor-button-content-wrapper\">\n\t\t\t\t\t\t\t\t\t<span class=\"elementor-button-text\">DOWNLOAD<\/span>\n\t\t\t\t\t<\/span>\n\t\t\t\t\t<\/a>\n\t\t\t\t<\/div>\n\t\t\t\t\t\t\t\t<\/div>\n\t\t\t\t<\/div>\n\t\t\t\t<\/div>\n\t\t\t\t<\/div>\n\t\t\t\t<\/div>\n\t\t\t\t<\/div>\n\t\t\t\t<\/div>\n\t\t<div class=\"elementor-element elementor-element-7d1b331c e-con-full e-flex e-con e-child\" data-id=\"7d1b331c\" data-element_type=\"container\">\n\t\t\t\t<div class=\"elementor-element elementor-element-278d4d0 elementor-widget elementor-widget-html\" data-id=\"278d4d0\" data-element_type=\"widget\" data-widget_type=\"html.default\">\n\t\t\t\t<div class=\"elementor-widget-container\">\n\t\t\t\t\t<!-- Modal -->\r\n<div id=\"cite-modal\" style=\"display:none; position:fixed; top:0; left:0; width:100%; height:100%; background:#00000080; z-index:999;\">\r\n  <div style=\"background:white; padding:20px; max-width:560px; width:calc(100% - 40px); margin:100px auto; position:relative; border-radius:8px; box-shadow:0 0 20px rgba(0,0,0,0.2); font-family:Work Sans, sans-serif; color:#161616; font-size:14px;\">\r\n    <h3 style=\"margin-top:0;\">Citation<\/h3>\r\n\r\n    <div id=\"citation-preview\" style=\"padding:10px 0;\"><\/div>\r\n\r\n    <div style=\"margin-top: 12px; display: flex; align-items: center; gap: 10px;\">\r\n      <select id=\"cite-format\" style=\"min-width:260px; padding:8px 10px; border:1px solid #ccc; border-radius:6px; font:inherit;\">\r\n        <option value=\"APA\" selected>APA<\/option>\r\n        <option value=\"ACM\">ACM<\/option>\r\n        <option value=\"ACS\">ACS<\/option>\r\n        <option value=\"ABNT\">ABNT<\/option>\r\n        <option value=\"Chicago\">Chicago<\/option>\r\n        <option value=\"Harvard\">Harvard (text)<\/option>\r\n        <option value=\"IEEE\">IEEE<\/option>\r\n        <option value=\"MLA\">MLA<\/option>\r\n        <option value=\"Turabian\">Turabian<\/option>\r\n        <option value=\"Vancouver\">Vancouver<\/option>\r\n        <option value=\"ris\">Endnote\/Zotero\/Mendeley (RIS)<\/option>\r\n        <option value=\"bibtex\">BibTeX<\/option>\r\n      <\/select>\r\n      <button onclick=\"downloadSelectedCitation()\" style=\"padding:12px 18px; background:#a73a2d; color:white; border:none; border-radius:6px; cursor:pointer; font-family:Lora, serif; font-size:12px; text-transform:uppercase;\">\r\n        Download citation\r\n      <\/button>\r\n    <\/div>\r\n\r\n    <button id=\"close-cite-modal\" style=\"position:absolute; top:10px; right:10px; background:none; border:none; font-size:16px; color:#b30000; cursor:pointer;\">\u2715<\/button>\r\n  <\/div>\r\n<\/div>\r\n\t\t\t\t<\/div>\n\t\t\t\t<\/div>\n\t\t\t\t<\/div>\n\t\t\t\t\t<\/div>\n\t\t\t\t<\/div>\n\t\t\t\t<\/div>\n\t\t","protected":false},"excerpt":{"rendered":"<p>Domov | Str\u00e1nka Volume 6, Issue 2, 2014 ISSN 1338-0141 | e-ISSN 2644-4879 VIEW FULL ISSUE ARTICLE For She Loved [&hellip;]<\/p>\n","protected":false},"author":1,"featured_media":0,"parent":9002,"menu_order":0,"comment_status":"closed","ping_status":"closed","template":"","meta":{"_eb_attr":"","site-sidebar-layout":"no-sidebar","site-content-layout":"","ast-site-content-layout":"full-width-container","site-content-style":"default","site-sidebar-style":"default","ast-global-header-display":"","ast-banner-title-visibility":"","ast-main-header-display":"","ast-hfb-above-header-display":"","ast-hfb-below-header-display":"","ast-hfb-mobile-header-display":"","site-post-title":"disabled","ast-breadcrumbs-content":"","ast-featured-img":"disabled","footer-sml-layout":"","theme-transparent-header-meta":"","adv-header-id-meta":"","stick-header-meta":"","header-above-stick-meta":"","header-main-stick-meta":"","header-below-stick-meta":"","astra-migrate-meta-layouts":"default","ast-page-background-enabled":"default","ast-page-background-meta":{"desktop":{"background-color":"var(--ast-global-color-5)","background-image":"","background-repeat":"repeat","background-position":"center center","background-size":"auto","background-attachment":"scroll","background-type":"","background-media":"","overlay-type":"","overlay-color":"","overlay-opacity":"","overlay-gradient":""},"tablet":{"background-color":"","background-image":"","background-repeat":"repeat","background-position":"center center","background-size":"auto","background-attachment":"scroll","background-type":"","background-media":"","overlay-type":"","overlay-color":"","overlay-opacity":"","overlay-gradient":""},"mobile":{"background-color":"","background-image":"","background-repeat":"repeat","background-position":"center center","background-size":"auto","background-attachment":"scroll","background-type":"","background-media":"","overlay-type":"","overlay-color":"","overlay-opacity":"","overlay-gradient":""}},"ast-content-background-meta":{"desktop":{"background-color":"var(--ast-global-color-4)","background-image":"","background-repeat":"repeat","background-position":"center center","background-size":"auto","background-attachment":"scroll","background-type":"","background-media":"","overlay-type":"","overlay-color":"","overlay-opacity":"","overlay-gradient":""},"tablet":{"background-color":"var(--ast-global-color-4)","background-image":"","background-repeat":"repeat","background-position":"center center","background-size":"auto","background-attachment":"scroll","background-type":"","background-media":"","overlay-type":"","overlay-color":"","overlay-opacity":"","overlay-gradient":""},"mobile":{"background-color":"var(--ast-global-color-4)","background-image":"","background-repeat":"repeat","background-position":"center center","background-size":"auto","background-attachment":"scroll","background-type":"","background-media":"","overlay-type":"","overlay-color":"","overlay-opacity":"","overlay-gradient":""}},"footnotes":""},"class_list":["post-9003","page","type-page","status-publish","hentry"],"_links":{"self":[{"href":"https:\/\/biblica.sk\/en\/wp-json\/wp\/v2\/pages\/9003","targetHints":{"allow":["GET"]}}],"collection":[{"href":"https:\/\/biblica.sk\/en\/wp-json\/wp\/v2\/pages"}],"about":[{"href":"https:\/\/biblica.sk\/en\/wp-json\/wp\/v2\/types\/page"}],"author":[{"embeddable":true,"href":"https:\/\/biblica.sk\/en\/wp-json\/wp\/v2\/users\/1"}],"replies":[{"embeddable":true,"href":"https:\/\/biblica.sk\/en\/wp-json\/wp\/v2\/comments?post=9003"}],"version-history":[{"count":6,"href":"https:\/\/biblica.sk\/en\/wp-json\/wp\/v2\/pages\/9003\/revisions"}],"predecessor-version":[{"id":9977,"href":"https:\/\/biblica.sk\/en\/wp-json\/wp\/v2\/pages\/9003\/revisions\/9977"}],"up":[{"embeddable":true,"href":"https:\/\/biblica.sk\/en\/wp-json\/wp\/v2\/pages\/9002"}],"wp:attachment":[{"href":"https:\/\/biblica.sk\/en\/wp-json\/wp\/v2\/media?parent=9003"}],"curies":[{"name":"wp","href":"https:\/\/api.w.org\/{rel}","templated":true}]}}