{"id":6784,"date":"2025-06-15T21:04:39","date_gmt":"2025-06-15T21:04:39","guid":{"rendered":"https:\/\/biblica.sk\/important\/informacie-pri-podani-rukopisu\/"},"modified":"2026-01-08T17:18:02","modified_gmt":"2026-01-08T17:18:02","slug":"information-for-manuscript-submission","status":"publish","type":"page","link":"https:\/\/biblica.sk\/en\/important\/information-for-manuscript-submission\/","title":{"rendered":"Information for Manuscript Submission"},"content":{"rendered":"\t\t<div data-elementor-type=\"wp-page\" data-elementor-id=\"6784\" class=\"elementor elementor-6784\">\n\t\t\t\t<div class=\"elementor-element elementor-element-503dae5 e-flex e-con-boxed e-con e-parent\" data-id=\"503dae5\" data-element_type=\"container\" data-settings=\"{&quot;background_background&quot;:&quot;classic&quot;}\">\n\t\t\t\t\t<div class=\"e-con-inner\">\n\t\t\t\t<div class=\"elementor-element elementor-element-e4613f3 elementor-widget elementor-widget-heading\" data-id=\"e4613f3\" data-element_type=\"widget\" data-widget_type=\"heading.default\">\n\t\t\t\t<div class=\"elementor-widget-container\">\n\t\t\t\t\t<h2 class=\"elementor-heading-title elementor-size-default\">Information for Manuscript Submission<\/h2>\t\t\t\t<\/div>\n\t\t\t\t<\/div>\n\t\t\t\t<div class=\"elementor-element elementor-element-8c80501 elementor-widget-divider--view-line elementor-widget elementor-widget-divider\" data-id=\"8c80501\" data-element_type=\"widget\" data-widget_type=\"divider.default\">\n\t\t\t\t<div class=\"elementor-widget-container\">\n\t\t\t\t\t\t\t<div class=\"elementor-divider\">\n\t\t\t<span class=\"elementor-divider-separator\">\n\t\t\t\t\t\t<\/span>\n\t\t<\/div>\n\t\t\t\t\t\t<\/div>\n\t\t\t\t<\/div>\n\t\t\t\t<div class=\"elementor-element elementor-element-de3c2c3 elementor-widget elementor-widget-text-editor\" data-id=\"de3c2c3\" data-element_type=\"widget\" data-widget_type=\"text-editor.default\">\n\t\t\t\t<div class=\"elementor-widget-container\">\n\t\t\t\t\t\t\t\t\t<p>Submission Guidelines<\/p>\t\t\t\t\t\t\t\t<\/div>\n\t\t\t\t<\/div>\n\t\t\t\t\t<\/div>\n\t\t\t\t<\/div>\n\t\t<div class=\"elementor-element elementor-element-fc6fa23 e-flex e-con-boxed e-con e-parent\" data-id=\"fc6fa23\" data-element_type=\"container\" data-settings=\"{&quot;background_background&quot;:&quot;classic&quot;}\">\n\t\t\t\t\t<div class=\"e-con-inner\">\n\t\t<div class=\"elementor-element elementor-element-3f09fa9 e-con-full e-flex e-con e-child\" data-id=\"3f09fa9\" data-element_type=\"container\">\n\t\t\t\t<div class=\"elementor-element elementor-element-38c37d5 elementor-widget elementor-widget-heading\" data-id=\"38c37d5\" data-element_type=\"widget\" data-widget_type=\"heading.default\">\n\t\t\t\t<div class=\"elementor-widget-container\">\n\t\t\t\t\t<h3 class=\"elementor-heading-title elementor-size-default\">1. Basic Information for Manuscript Submission<\/h3>\t\t\t\t<\/div>\n\t\t\t\t<\/div>\n\t\t\t\t<\/div>\n\t\t\t\t<div class=\"elementor-element elementor-element-58c488e elementor-widget elementor-widget-text-editor\" data-id=\"58c488e\" data-element_type=\"widget\" data-widget_type=\"text-editor.default\">\n\t\t\t\t<div class=\"elementor-widget-container\">\n\t\t\t\t\t\t\t\t\t<ol><li data-start=\"190\" data-end=\"775\">Contributions to <em data-start=\"207\" data-end=\"215\">StBiSl<\/em>, including appendices, are submitted exclusively in electronic format (.doc, .docx) or as documents converted into the appropriate format if an operating system other than Microsoft OS is used (e.g. Macintosh, Linux). Contributions are sent directly to the Editor-in-Chief of <em data-start=\"492\" data-end=\"500\">StBiSl<\/em> or to the editorial office at redakcia(at)biblica.sk. Before submission, the document must be prepared in such a way as to ensure the anonymity of the author; that is, all parts that could in any way identify the author of the contribution must be removed from the document.<\/li><li data-start=\"777\" data-end=\"1042\">By submitting a contribution and, if the contribution is recommended for publication, the author expresses consent to its publication in <em data-start=\"914\" data-end=\"922\">StBiSl<\/em>. This act replaces a license agreement concerning the publication of the work and the authenticity of the contribution.<\/li><li data-start=\"1044\" data-end=\"1208\">Requests for reviews, together with publications intended for review, should be addressed to the Review Editor or to the editorial office at redakcia@biblica.sk.<\/li><\/ol><h3 data-start=\"1215\" data-end=\"1256\">a) Formal aspects of the contribution<\/h3><p data-start=\"1258\" data-end=\"1314\"><strong data-start=\"1258\" data-end=\"1314\">Recommended length (including spaces and footnotes):<\/strong><\/p><p data-start=\"1316\" data-end=\"1540\">a. study: min. 20,000 characters, max. 70,000 characters (shorter studies are preferred),<br data-start=\"1405\" data-end=\"1408\" \/>b. short scholarly note: min. 10,000 characters, max. 20,000 characters,<br data-start=\"1480\" data-end=\"1483\" \/>c. review: min. 7,000 characters, max. 20,000 characters.<\/p><p data-start=\"1542\" data-end=\"1606\">Page format \u2013 A4.<br data-start=\"1559\" data-end=\"1562\" \/>Font type: Times New Roman, normal, size 12.<\/p><p data-start=\"1608\" data-end=\"2366\">a. For languages that do not use the Latin alphabet, such as Hebrew and Greek, a Unicode font must be used.<br data-start=\"1715\" data-end=\"1718\" \/>b. Greek text is to be given with accents and breathings; Hebrew or Aramaic text, where possible, without Masoretic vocalization, except where its use is required for emphasis.<br data-start=\"1894\" data-end=\"1897\" \/>c. In the case of using other languages and scripts (Akkadian, Coptic, Syriac, etc.), it is advisable to inform the editorial office in advance.<br data-start=\"2041\" data-end=\"2044\" \/>d. The transliteration or transcription of Hebrew and Greek words follows the rules set out in: \u0160trba, Bla\u017eej: <em data-start=\"2155\" data-end=\"2308\">Bibliografia biblick\u00fdch vied slovenskej a \u010deskej proveniencie (1989\u20132013). Bibliography of Biblical Sciences of Slovak and Czech Provenance (1989\u20132013)<\/em> (StBiSlSup), Bad\u00edn: Vlastn\u00fdm n\u00e1kladom, 2014, pp. 300\u2013305.<\/p><p data-start=\"2368\" data-end=\"2435\">For emphasis, only italics may be used; bold type is not permitted.<\/p><p data-start=\"2437\" data-end=\"2612\">Line spacing \u2013 single.<br data-start=\"2459\" data-end=\"2462\" \/>For headings, a predefined basic style may be used, or they may be manually numbered (see more in the section <em data-start=\"2572\" data-end=\"2610\">Formal Structure of the Contribution<\/em>).<\/p><p data-start=\"2614\" data-end=\"2815\">The text of the contribution should not be line-broken or specially formatted. The use of tabs to indent the first lines of paragraphs is not recommended, except where a predefined basic style is used.<\/p><p data-start=\"2817\" data-end=\"2928\">In the case of foreign-language texts, precise orthography and grammar of the given language must be respected.<\/p><p data-start=\"2930\" data-end=\"3040\">These rules apply to the formal layout of studies, short scholarly notes, reviews, reports, and announcements.<\/p><h3 data-start=\"3047\" data-end=\"3095\">b) Formal layout of citations and references<\/h3><p data-start=\"3097\" data-end=\"3250\">For reasons of clarity and simplicity, it is recommended to reduce biblical citations in the original languages within the text to their essential parts.<\/p><p data-start=\"3252\" data-end=\"3480\">Abbreviations of biblical books must follow the <em data-start=\"3300\" data-end=\"3341\">List of Abbreviations of Biblical Books<\/em> published in the <em data-start=\"3359\" data-end=\"3392\">List of Abbreviations of StBiSl<\/em>, omitting the space between the numeral and the book abbreviation, e.g. 1Kr, 2Sol, etc.<\/p><p data-start=\"3482\" data-end=\"3687\">When indicating a range of chapters, an en dash (\u2013) without spaces before or after is used, e.g. Ex 3,1\u20134,18. When indicating a range of verses within one chapter, a hyphen (-) is used, e.g. vv. 5-6<br data-start=\"3680\" data-end=\"3683\" \/>[1].<\/p><p data-start=\"3689\" data-end=\"3904\">An en dash with spaces before and after is used only when indicating a range of years, e.g. 58 \u2013 56 BC, or when separating the names of multiple authors of one publication in the List of References or in a footnote.<\/p><p data-start=\"3906\" data-end=\"4198\">In the text, quotation marks of the first and second level are distinguished as follows:<br data-start=\"3994\" data-end=\"3997\" \/>1st level: \u201c \u201d; 2nd level: \u00ab \u00bb.<br data-start=\"4028\" data-end=\"4031\" \/>Example:<br data-start=\"4039\" data-end=\"4042\" \/>\u201e(\u2026) We accept them, examine and proclaim \u00abtheir figures and qualities\u00bb and choose from their deeds everything that is noble and worthy of knowledge\u2026\u201c<br data-start=\"4192\" data-end=\"4195\" \/>[2]<\/p><p data-start=\"4200\" data-end=\"4651\">In the text of the contribution, the footnote number is placed before the punctuation mark. Exceptions are direct quotations of entire sentences or longer passages (more than three lines), in which case the footnote number is placed after the entire quotation in the text, i.e. after the closing quotation marks. Example from the contribution by F. Giuntoli<br data-start=\"4557\" data-end=\"4560\" \/>[3], where the last superscript number (13) is the footnote number in the author\u2019s article:<\/p><p data-start=\"4653\" data-end=\"4756\">\u201c(\u2026) They shall be for the Israelites a reminder before the Lord, an atonement (\u05db\u05e4\u05e8) for your lives.\u201d13<\/p><p data-start=\"4758\" data-end=\"5118\">Footnotes are numbered with Arabic numerals (1, 2, 3\u2026) in superscript and are separated from the first character of the bibliographic reference by one space (1_Surname, Title, pages, note [if necessary]). When indicating cited page numbers in footnotes as well as in the final List of References, the abbreviation \u201cp.\u201d is not used; only page numbers are given.<\/p><p data-start=\"5120\" data-end=\"5253\">a. Monograph: Surname, Title, page, note: Ska, <em data-start=\"5167\" data-end=\"5180\">Our Fathers<\/em>, 5, n. 6.<br data-start=\"5190\" data-end=\"5193\" \/>b. Article: Surname, Title, page: E\u00dfer, <em data-start=\"5233\" data-end=\"5249\">Barmherzigkeit<\/em>, 5.<\/p><p data-start=\"5255\" data-end=\"5435\">In all footnotes, including the very first one, only a shortened bibliographic reference is given, even when repeated. Abbreviations such as <em data-start=\"5396\" data-end=\"5403\">Ibid.<\/em>, <em data-start=\"5405\" data-end=\"5411\">Idem<\/em>, or <em data-start=\"5416\" data-end=\"5421\">Id.<\/em> are not used.<\/p><p data-start=\"5437\" data-end=\"5599\">In bibliographic references in footnotes as well as in the final List of References, authors\u2019 surnames are written in small capitals, not in FULL CAPITAL LETTERS.<\/p><p data-start=\"5601\" data-end=\"5682\">A complete bibliographic reference is given only in the final List of References.<\/p><p data-start=\"5684\" data-end=\"5912\">The List of References is arranged alphabetically according to authors\u2019 surnames (A\u2013Z). If several works by the same author are listed, they are arranged chronologically by year of publication from the oldest to the most recent.<\/p><p data-start=\"5914\" data-end=\"6175\">Authors\u2019 first names are given \u2013 where possible \u2013 in full form, e.g. Zenger, Erich (instead of Zenger, E.). If an author has more than one first name, at least one should be given in full, while the others may be abbreviated to the initial followed by a period.<\/p><h3 data-start=\"6182\" data-end=\"6225\">c) Formal structure of the contribution<\/h3><p data-start=\"6227\" data-end=\"6509\">Each contribution to <em data-start=\"6248\" data-end=\"6256\">StBiSl<\/em> must have a title reflecting its content. The title may be supplemented by a clarifying subtitle. The editorial board reserves the right to modify the title of the contribution as well as to make necessary linguistic and\/or stylistic adjustments to it.<\/p><p data-start=\"6511\" data-end=\"7008\">From a formal point of view, the contribution begins with an introduction, which does not need to be labeled. It must, however, end with a conclusion, which is labeled. The text of the contribution is divided into chapters and subchapters. Their numbering is recommended (up to the second sublevel at most, e.g. 1.1.1), but not mandatory. If numbering is used, individual (sub)chapters are designated by Arabic numerals. The introduction (if included) and the conclusion are not numbered. Example:<\/p><p data-start=\"7010\" data-end=\"7022\">Introduction<\/p><p data-start=\"7024\" data-end=\"7040\">1 Xxxxxxxx xxxxx<\/p><p data-start=\"7042\" data-end=\"7054\">1.1 Xxxxxxxx<\/p><p data-start=\"7056\" data-end=\"7070\">1.1.2 Xxxxxxxx<\/p><p data-start=\"7072\" data-end=\"7086\">2 Xxxxxxxxxxxx<\/p>\t\t\t\t\t\t\t\t<\/div>\n\t\t\t\t<\/div>\n\t\t\t\t\t<\/div>\n\t\t\t\t<\/div>\n\t\t<div class=\"elementor-element elementor-element-bc41be2 e-flex e-con-boxed e-con e-parent\" data-id=\"bc41be2\" data-element_type=\"container\" data-settings=\"{&quot;background_background&quot;:&quot;classic&quot;}\">\n\t\t\t\t\t<div class=\"e-con-inner\">\n\t\t\t\t<div class=\"elementor-element elementor-element-75f530b elementor-widget elementor-widget-heading\" data-id=\"75f530b\" data-element_type=\"widget\" data-widget_type=\"heading.default\">\n\t\t\t\t<div class=\"elementor-widget-container\">\n\t\t\t\t\t<h3 class=\"elementor-heading-title elementor-size-default\">2. Mandatory Components of the Manuscript<\/h3>\t\t\t\t<\/div>\n\t\t\t\t<\/div>\n\t\t\t\t<div class=\"elementor-element elementor-element-098311e elementor-widget elementor-widget-text-editor\" data-id=\"098311e\" data-element_type=\"widget\" data-widget_type=\"text-editor.default\">\n\t\t\t\t<div class=\"elementor-widget-container\">\n\t\t\t\t\t\t\t\t\t<ol><li><p>A contribution to <em>StBiSl<\/em> of the type <strong>study<\/strong>, <strong>short scholarly note<\/strong>, or <strong>reflection<\/strong> must additionally include:<\/p><ol><li><p>the title of the contribution (with an optional subtitle) in Slovak\/Czech and in English,<\/p><\/li><li><p>five keywords in Slovak\/Czech and in English,<\/p><\/li><li><p>an abstract with a maximum length of 1,100 characters (including spaces) in Slovak\/Czech and in English,<\/p><\/li><li><p>a list of references prepared in accordance with the guidelines in \u00a7 C.1.b.9\u201311, and<\/p><\/li><li><p>the author\u2019s contact details (first name and surname [optionally the name of the institution where the author is affiliated], the author\u2019s correspondence address or that of the employing institution, and the author\u2019s email contact).<\/p><\/li><\/ol><p>In the case of a review manuscript, instead of a title the following information is provided: the surname and first name of the author of the reviewed book, the title and subtitle of the reviewed book, place of publication, publisher, year of publication, number of pages, and ISBN.<\/p><\/li><\/ol>\t\t\t\t\t\t\t\t<\/div>\n\t\t\t\t<\/div>\n\t\t\t\t\t<\/div>\n\t\t\t\t<\/div>\n\t\t<div class=\"elementor-element elementor-element-98bed9f e-flex e-con-boxed e-con e-parent\" data-id=\"98bed9f\" data-element_type=\"container\" data-settings=\"{&quot;background_background&quot;:&quot;classic&quot;}\">\n\t\t\t\t\t<div class=\"e-con-inner\">\n\t\t<div class=\"elementor-element elementor-element-f0892f4 e-con-full e-flex e-con e-child\" data-id=\"f0892f4\" data-element_type=\"container\">\n\t\t\t\t<div class=\"elementor-element elementor-element-eb92ab0 elementor-widget elementor-widget-heading\" data-id=\"eb92ab0\" data-element_type=\"widget\" data-widget_type=\"heading.default\">\n\t\t\t\t<div class=\"elementor-widget-container\">\n\t\t\t\t\t<h3 class=\"elementor-heading-title elementor-size-default\">3. Appendices\n<\/h3>\t\t\t\t<\/div>\n\t\t\t\t<\/div>\n\t\t\t\t<\/div>\n\t\t\t\t<div class=\"elementor-element elementor-element-94f18d1 elementor-widget elementor-widget-text-editor\" data-id=\"94f18d1\" data-element_type=\"widget\" data-widget_type=\"text-editor.default\">\n\t\t\t\t<div class=\"elementor-widget-container\">\n\t\t\t\t\t\t\t\t\t<p>Image appendices should be submitted separately in .jpg, .jpeg, or .bmp format with a minimum resolution of 300 dpi. All images must be properly labeled and identified. The placement of image appendices within the text must be specified by means of a description provided in a separate document attached to the contribution.<\/p><p>Tables, diagrams, and, where applicable, graphs may be included directly in the text of the contribution, or the author may submit them separately in MS Excel format (.xls or .xlsx).<\/p>\t\t\t\t\t\t\t\t<\/div>\n\t\t\t\t<\/div>\n\t\t\t\t<div class=\"elementor-element elementor-element-29feed7 elementor-widget elementor-widget-text-editor\" data-id=\"29feed7\" data-element_type=\"widget\" data-widget_type=\"text-editor.default\">\n\t\t\t\t<div class=\"elementor-widget-container\">\n\t\t\t\t\t\t\t\t\t<p><a href=\"#_ftnref1\">[1]<\/a> The same rule applies to indicating page ranges in bibliographic references in footnotes as well as in the List of References at the end of the contribution.<\/p><p><a href=\"#_ftnref2\">[2]<\/a> J\u00e1ger, Evanjelium, 153, note 27.<\/p><p><a href=\"#_ftnref3\">[3]<\/a> Porov. Giuntoli, Ve\u010dn\u00e9 D\u00e1vidove protire\u010denia, 30.<\/p><p>Several\u00a0<a style=\"font-style: inherit; font-weight: inherit; background-color: #ebecee; color: #a73a2d;\" href=\"https:\/\/biblica.sk\/podmienky\/bibliograficky-styl\/\"><span style=\"font-weight: bold;\">examples<\/span>\u00a0according to the BCS style of the journal\u00a0<em>StBiSl<\/em><\/a><span style=\"font-style: inherit; font-weight: inherit;\">.<\/span><\/p><div><p style=\"font-size: 16px; font-style: normal; font-weight: 400;\">\u00a0<\/p><\/div>\t\t\t\t\t\t\t\t<\/div>\n\t\t\t\t<\/div>\n\t\t<div class=\"elementor-element elementor-element-62db0a3 e-con-full e-flex e-con e-child\" data-id=\"62db0a3\" data-element_type=\"container\">\n\t\t<div class=\"elementor-element elementor-element-a5fa4cf e-con-full elementor-hidden-mobile e-flex e-con e-child\" data-id=\"a5fa4cf\" data-element_type=\"container\">\n\t\t\t\t<\/div>\n\t\t<div class=\"elementor-element elementor-element-03265d8 e-con-full e-flex e-con e-child\" data-id=\"03265d8\" data-element_type=\"container\">\n\t\t\t\t<div class=\"elementor-element elementor-element-b27b6e2 elementor-mobile-align-center elementor-widget elementor-widget-button\" data-id=\"b27b6e2\" data-element_type=\"widget\" data-widget_type=\"button.default\">\n\t\t\t\t<div class=\"elementor-widget-container\">\n\t\t\t\t\t\t\t\t\t<div class=\"elementor-button-wrapper\">\n\t\t\t\t\t<a class=\"elementor-button elementor-button-link elementor-size-sm\" href=\"https:\/\/biblica.sk\/en\/important\/bibliographic-and-citation-style\/\">\n\t\t\t\t\t\t<span class=\"elementor-button-content-wrapper\">\n\t\t\t\t\t\t\t\t\t<span class=\"elementor-button-text\">Bibliographic and Citation Style<\/span>\n\t\t\t\t\t<\/span>\n\t\t\t\t\t<\/a>\n\t\t\t\t<\/div>\n\t\t\t\t\t\t\t\t<\/div>\n\t\t\t\t<\/div>\n\t\t\t\t<\/div>\n\t\t\t\t<\/div>\n\t\t\t\t\t<\/div>\n\t\t\t\t<\/div>\n\t\t\t\t<\/div>\n\t\t","protected":false},"excerpt":{"rendered":"<p>Information for Manuscript Submission Submission Guidelines 1. Basic Information for Manuscript Submission Contributions to StBiSl, including appendices, are submitted exclusively [&hellip;]<\/p>\n","protected":false},"author":1,"featured_media":0,"parent":6781,"menu_order":1,"comment_status":"closed","ping_status":"closed","template":"","meta":{"_eb_attr":"","site-sidebar-layout":"no-sidebar","site-content-layout":"","ast-site-content-layout":"full-width-container","site-content-style":"default","site-sidebar-style":"default","ast-global-header-display":"","ast-banner-title-visibility":"","ast-main-header-display":"","ast-hfb-above-header-display":"","ast-hfb-below-header-display":"","ast-hfb-mobile-header-display":"","site-post-title":"disabled","ast-breadcrumbs-content":"","ast-featured-img":"disabled","footer-sml-layout":"","theme-transparent-header-meta":"","adv-header-id-meta":"","stick-header-meta":"","header-above-stick-meta":"","header-main-stick-meta":"","header-below-stick-meta":"","astra-migrate-meta-layouts":"default","ast-page-background-enabled":"default","ast-page-background-meta":{"desktop":{"background-color":"var(--ast-global-color-5)","background-image":"","background-repeat":"repeat","background-position":"center center","background-size":"auto","background-attachment":"scroll","background-type":"","background-media":"","overlay-type":"","overlay-color":"","overlay-opacity":"","overlay-gradient":""},"tablet":{"background-color":"","background-image":"","background-repeat":"repeat","background-position":"center center","background-size":"auto","background-attachment":"scroll","background-type":"","background-media":"","overlay-type":"","overlay-color":"","overlay-opacity":"","overlay-gradient":""},"mobile":{"background-color":"","background-image":"","background-repeat":"repeat","background-position":"center center","background-size":"auto","background-attachment":"scroll","background-type":"","background-media":"","overlay-type":"","overlay-color":"","overlay-opacity":"","overlay-gradient":""}},"ast-content-background-meta":{"desktop":{"background-color":"var(--ast-global-color-4)","background-image":"","background-repeat":"repeat","background-position":"center center","background-size":"auto","background-attachment":"scroll","background-type":"","background-media":"","overlay-type":"","overlay-color":"","overlay-opacity":"","overlay-gradient":""},"tablet":{"background-color":"var(--ast-global-color-4)","background-image":"","background-repeat":"repeat","background-position":"center center","background-size":"auto","background-attachment":"scroll","background-type":"","background-media":"","overlay-type":"","overlay-color":"","overlay-opacity":"","overlay-gradient":""},"mobile":{"background-color":"var(--ast-global-color-4)","background-image":"","background-repeat":"repeat","background-position":"center center","background-size":"auto","background-attachment":"scroll","background-type":"","background-media":"","overlay-type":"","overlay-color":"","overlay-opacity":"","overlay-gradient":""}},"footnotes":""},"class_list":["post-6784","page","type-page","status-publish","hentry"],"_links":{"self":[{"href":"https:\/\/biblica.sk\/en\/wp-json\/wp\/v2\/pages\/6784","targetHints":{"allow":["GET"]}}],"collection":[{"href":"https:\/\/biblica.sk\/en\/wp-json\/wp\/v2\/pages"}],"about":[{"href":"https:\/\/biblica.sk\/en\/wp-json\/wp\/v2\/types\/page"}],"author":[{"embeddable":true,"href":"https:\/\/biblica.sk\/en\/wp-json\/wp\/v2\/users\/1"}],"replies":[{"embeddable":true,"href":"https:\/\/biblica.sk\/en\/wp-json\/wp\/v2\/comments?post=6784"}],"version-history":[{"count":21,"href":"https:\/\/biblica.sk\/en\/wp-json\/wp\/v2\/pages\/6784\/revisions"}],"predecessor-version":[{"id":6964,"href":"https:\/\/biblica.sk\/en\/wp-json\/wp\/v2\/pages\/6784\/revisions\/6964"}],"up":[{"embeddable":true,"href":"https:\/\/biblica.sk\/en\/wp-json\/wp\/v2\/pages\/6781"}],"wp:attachment":[{"href":"https:\/\/biblica.sk\/en\/wp-json\/wp\/v2\/media?parent=6784"}],"curies":[{"name":"wp","href":"https:\/\/api.w.org\/{rel}","templated":true}]}}